{"id":91576,"date":"2020-08-08T10:48:22","date_gmt":"2020-08-08T08:48:22","guid":{"rendered":"https:\/\/www.bwin.fr\/fr\/news\/?page_id=91576"},"modified":"2022-09-12T13:30:36","modified_gmt":"2022-09-12T11:30:36","slug":"sponsoring","status":"publish","type":"page","link":"https:\/\/www.bwin.fr\/fr\/news\/sponsoring\/","title":{"rendered":"Sponsoring bwin"},"content":{"rendered":"<p><img loading=\"lazy\" decoding=\"async\" class=\"aligncenter wp-image-293052 size-full\" src=\"https:\/\/www.bwin.fr\/fr\/news\/wp-content\/uploads\/2021\/11\/9830_1200x460-FR.jpg\" alt=\"bwin Partenaire Officiel UEFA Europa League et UEFA Conference League\" width=\"1200\" height=\"460\" \/><\/p>\n<p>Vous nous avez s\u00fbrement d\u00e9j\u00e0 aper\u00e7u quelque part&#8230; Vous vous rappelez peut-\u00eatre de notre logo sur le maillot du Real Madrid lorsqu&rsquo;il a conquis l\u2019Europe. Quand le Bayern Munich encha\u00eenait les titres en Allemagne, nous \u00e9tions aux c\u00f4t\u00e9s des Bavarois. Nous avons c\u00e9l\u00e9br\u00e9 les titres successifs avec la \u00ab\u00a0Vieille Dame\u00a0\u00bb et nous nous sommes hiss\u00e9s au sommet de l&rsquo;Angleterre avec les \u00ab\u00a0Red Devils\u00a0\u00bb. Nous avons soulev\u00e9 de nombreux troph\u00e9es au Camp Nou et connu des triomphes hors du commun \u00e0 San Siro. Si vous \u00eates \u00e0 la recherche d&rsquo;un nom sur lequel vous pouvez toujours compter, bienvenue chez bwin.<\/p>\n<p>Pour nous qui souhaitons inspirer nos joueurs, quelle meilleure fa\u00e7on d&rsquo;y parvenir que de travailler aux c\u00f4t\u00e9s de clubs l\u00e9gendaires et de renomm\u00e9e mondiale ? Nous sommes repr\u00e9sent\u00e9s dans les championnats majeurs de football, comme la Liga, la Bundesliga et la Jupiler Pro League. Nous avons r\u00e9cemment sign\u00e9 un partenariat avec le Borussia Dortmund, champion d&rsquo;Allemagne 2012 et v\u00e9ritable usine \u00e0 talents, ainsi qu&rsquo;avec le Valence CF, vainqueur de la Copa del Rey 2019.<\/p>\n<p>Aujourd&rsquo;hui, c\u2019est une nouvelle aventure qui d\u00e9bute avec vous et le groupe Eleven Sports :<a href=\"https:\/\/www.bwin.fr\/fr\/news\/football\/bwin-partenaire-europa-league-europa-conference-league\/\"> en plus de la Ligue Europe UEFA et la Conf\u00e9rence Ligue nous sponsorisons<\/a> d\u00e9sormais la Jupiler Pro League, la Proximus League et la Supercoupe de Belgique. Pr\u00e9parez-vous \u00e0 vibrer avec les rivaux de toujours que sont Anderlecht, le Club Bruges et le Standard de Li\u00e8ge. La Pro League, c&rsquo;est aussi l\u2019affrontement entre des stars exp\u00e9riment\u00e9es telles que Vincent Kompany et Simon Mignolet et des jeunes p\u00e9pites comme Yari Verschaeren et Kr\u00e9pin Diatta.<\/p>\n<p>Notre implication dans le monde du sport d\u00e9passe les fronti\u00e8res du football, partenaire de la plus prestigieuse comp\u00e9tition europ\u00e9enne de basket, retrouvez-nous sur le parquet de l&rsquo;Euroligue aux c\u00f4t\u00e9s des g\u00e9ants du continent. Dribblez la l\u00e9gende Nick Calathes ou faites une passe d\u00e9cisive \u00e0 Nando De Colo, Vasilis Spanoulis et Sergio Llull, des vrais scoreurs de m\u00e9tier.<\/p>\n<p>Si cependant vous voulez jouer s\u00e9rieusement, alors rejoignez bwin avec l&rsquo;attitude conqu\u00e9rante et l&rsquo;incroyable t\u00e9nacit\u00e9 qui caract\u00e9risent nos partenaires et nous-m\u00eames. bwin accueille toujours avec grand plaisir les joueurs qui sont pr\u00eats \u00e0 prendre des risques. Nous recherchons des joueurs avec une volont\u00e9 \u00e0 toute \u00e9preuve et qui, comme nous, sont passionn\u00e9s par le monde du sport et des paris.<\/p>\n<p>Si vous voulez jouer parmi les meilleurs, rejoignez <a href=\"https:\/\/www.bwin.fr\/fr\/sports\">bwin<\/a>. Inspirez-vous de la combativit\u00e9 et du mental de gagnant de nos partenaires. Nous accueillons tous les joueurs qui partagent notre amour du sport et des paris.<\/p>\n<p>Bienvenue dans l\u2019\u00e9quipe qui gagne.<\/p>\n<p>bwin<\/p>\n","protected":false},"excerpt":{"rendered":"<p>Vous nous avez s\u00fbrement d\u00e9j\u00e0 aper\u00e7u quelque part&#8230; Vous vous rappelez peut-\u00eatre de notre logo sur le maillot du Real Madrid lorsqu&rsquo;il a conquis l\u2019Europe. Quand le Bayern Munich encha\u00eenait les titres en Allemagne, nous \u00e9tions aux c\u00f4t\u00e9s des Bavarois. Nous avons c\u00e9l\u00e9br\u00e9 les titres successifs avec la \u00ab\u00a0Vieille Dame\u00a0\u00bb &#8230; <a title=\"Sponsoring bwin\" class=\"read-more\" href=\"https:\/\/www.bwin.fr\/fr\/news\/sponsoring\/\" aria-label=\"En savoir plus sur Sponsoring bwin\">Lire plus<\/a><\/p>\n","protected":false},"author":47,"featured_media":0,"parent":0,"menu_order":0,"comment_status":"closed","ping_status":"closed","template":"","meta":{"_acf_changed":false,"footnotes":""},"class_list":{"0":"post-91576","1":"page","2":"type-page","3":"status-publish","4":"has-post-thumbnail","6":"no-featured-image-padding"},"acf":[],"yoast_head":"<!-- This site is optimized with the Yoast SEO plugin v24.3 - https:\/\/yoast.com\/wordpress\/plugins\/seo\/ -->\n<title>Sponsoris\u00e9 par bwin | Partenaires Officiels de Football et de Basket<\/title>\n<meta name=\"description\" content=\"Au cours de son histoire, bwin a sponsoris\u00e9 de l\u00e9gendaires \u00e9quipes europ\u00e9ennes de football et de basket. Nous avons c\u00e9l\u00e9br\u00e9 ces succ\u00e8s avec elles et continuons \u00e0 le faire pour inspirer nos joueurs.\" \/>\n<meta name=\"robots\" content=\"index, follow, max-snippet:-1, max-image-preview:large, max-video-preview:-1\" \/>\n<link rel=\"canonical\" href=\"https:\/\/www.bwin.fr\/fr\/news\/sponsoring\/\" \/>\n<meta property=\"og:locale\" content=\"fr_FR\" \/>\n<meta property=\"og:type\" content=\"article\" \/>\n<meta property=\"og:title\" content=\"Sponsoris\u00e9 par bwin | Partenaires Officiels de Football et de Basket\" \/>\n<meta property=\"og:description\" content=\"Au cours de son histoire, bwin a sponsoris\u00e9 de l\u00e9gendaires \u00e9quipes europ\u00e9ennes de football et de basket. Nous avons c\u00e9l\u00e9br\u00e9 ces succ\u00e8s avec elles et continuons \u00e0 le faire pour inspirer nos joueurs.\" \/>\n<meta property=\"og:url\" content=\"https:\/\/www.bwin.fr\/fr\/news\/sponsoring\/\" \/>\n<meta property=\"og:site_name\" content=\"bwin\" \/>\n<meta property=\"article:modified_time\" content=\"2022-09-12T11:30:36+00:00\" \/>\n<meta property=\"og:image\" content=\"https:\/\/sports.bwin.fr\/fr\/news\/wp-content\/uploads\/2021\/11\/9830_1200x460-FR.jpg\" \/>\n<meta name=\"twitter:label1\" content=\"Dur\u00e9e de lecture estim\u00e9e\" \/>\n\t<meta name=\"twitter:data1\" content=\"3 minutes\" \/>\n<script type=\"application\/ld+json\" class=\"yoast-schema-graph\">{\"@context\":\"https:\/\/schema.org\",\"@graph\":[{\"@type\":\"WebPage\",\"@id\":\"https:\/\/www.bwin.fr\/fr\/news\/sponsoring\/\",\"url\":\"https:\/\/www.bwin.fr\/fr\/news\/sponsoring\/\",\"name\":\"Sponsoris\u00e9 par bwin | Partenaires Officiels de Football et de Basket\",\"isPartOf\":{\"@id\":\"https:\/\/www.bwin.fr\/fr\/news\/#website\"},\"primaryImageOfPage\":{\"@id\":\"https:\/\/www.bwin.fr\/fr\/news\/sponsoring\/#primaryimage\"},\"image\":{\"@id\":\"https:\/\/www.bwin.fr\/fr\/news\/sponsoring\/#primaryimage\"},\"thumbnailUrl\":\"https:\/\/www.bwin.fr\/fr\/news\/wp-content\/uploads\/2021\/11\/9830_1200x460-FR.jpg\",\"datePublished\":\"2020-08-08T08:48:22+00:00\",\"dateModified\":\"2022-09-12T11:30:36+00:00\",\"description\":\"Au cours de son histoire, bwin a sponsoris\u00e9 de l\u00e9gendaires \u00e9quipes europ\u00e9ennes de football et de basket. Nous avons c\u00e9l\u00e9br\u00e9 ces succ\u00e8s avec elles et continuons \u00e0 le faire pour inspirer nos joueurs.\",\"breadcrumb\":{\"@id\":\"https:\/\/www.bwin.fr\/fr\/news\/sponsoring\/#breadcrumb\"},\"inLanguage\":\"fr-FR\",\"potentialAction\":[{\"@type\":\"ReadAction\",\"target\":[\"https:\/\/www.bwin.fr\/fr\/news\/sponsoring\/\"]}]},{\"@type\":\"ImageObject\",\"inLanguage\":\"fr-FR\",\"@id\":\"https:\/\/www.bwin.fr\/fr\/news\/sponsoring\/#primaryimage\",\"url\":\"https:\/\/www.bwin.fr\/fr\/news\/wp-content\/uploads\/2021\/11\/9830_1200x460-FR.jpg\",\"contentUrl\":\"https:\/\/www.bwin.fr\/fr\/news\/wp-content\/uploads\/2021\/11\/9830_1200x460-FR.jpg\",\"width\":1200,\"height\":460,\"caption\":\"bwin Partenaire Officiel UEFA Europa League et UEFA Conference League\"},{\"@type\":\"BreadcrumbList\",\"@id\":\"https:\/\/www.bwin.fr\/fr\/news\/sponsoring\/#breadcrumb\",\"itemListElement\":[{\"@type\":\"ListItem\",\"position\":1,\"name\":\"Pronostics Sportifs\",\"item\":\"https:\/\/www.bwin.fr\/fr\/news\/\"},{\"@type\":\"ListItem\",\"position\":2,\"name\":\"Sponsoring bwin\"}]},{\"@type\":\"WebSite\",\"@id\":\"https:\/\/www.bwin.fr\/fr\/news\/#website\",\"url\":\"https:\/\/www.bwin.fr\/fr\/news\/\",\"name\":\"bwin\",\"description\":\"\",\"publisher\":{\"@id\":\"https:\/\/www.bwin.fr\/fr\/news\/#organization\"},\"potentialAction\":[{\"@type\":\"SearchAction\",\"target\":{\"@type\":\"EntryPoint\",\"urlTemplate\":\"https:\/\/www.bwin.fr\/fr\/news\/?s={search_term_string}\"},\"query-input\":{\"@type\":\"PropertyValueSpecification\",\"valueRequired\":true,\"valueName\":\"search_term_string\"}}],\"inLanguage\":\"fr-FR\"},{\"@type\":\"Organization\",\"@id\":\"https:\/\/www.bwin.fr\/fr\/news\/#organization\",\"name\":\"bwin\",\"url\":\"https:\/\/www.bwin.fr\/fr\/news\/\",\"logo\":{\"@type\":\"ImageObject\",\"inLanguage\":\"fr-FR\",\"@id\":\"https:\/\/www.bwin.fr\/fr\/news\/#\/schema\/logo\/image\/\",\"url\":\"https:\/\/www.bwin.fr\/fr\/news\/wp-content\/uploads\/2020\/03\/bwin_com_negative_rgb.jpg\",\"contentUrl\":\"https:\/\/www.bwin.fr\/fr\/news\/wp-content\/uploads\/2020\/03\/bwin_com_negative_rgb.jpg\",\"width\":1280,\"height\":502,\"caption\":\"bwin\"},\"image\":{\"@id\":\"https:\/\/www.bwin.fr\/fr\/news\/#\/schema\/logo\/image\/\"}}]}<\/script>\n<!-- \/ Yoast SEO plugin. -->","yoast_head_json":{"title":"Sponsoris\u00e9 par bwin | Partenaires Officiels de Football et de Basket","description":"Au cours de son histoire, bwin a sponsoris\u00e9 de l\u00e9gendaires \u00e9quipes europ\u00e9ennes de football et de basket. Nous avons c\u00e9l\u00e9br\u00e9 ces succ\u00e8s avec elles et continuons \u00e0 le faire pour inspirer nos joueurs.","robots":{"index":"index","follow":"follow","max-snippet":"max-snippet:-1","max-image-preview":"max-image-preview:large","max-video-preview":"max-video-preview:-1"},"canonical":"https:\/\/www.bwin.fr\/fr\/news\/sponsoring\/","og_locale":"fr_FR","og_type":"article","og_title":"Sponsoris\u00e9 par bwin | Partenaires Officiels de Football et de Basket","og_description":"Au cours de son histoire, bwin a sponsoris\u00e9 de l\u00e9gendaires \u00e9quipes europ\u00e9ennes de football et de basket. Nous avons c\u00e9l\u00e9br\u00e9 ces succ\u00e8s avec elles et continuons \u00e0 le faire pour inspirer nos joueurs.","og_url":"https:\/\/www.bwin.fr\/fr\/news\/sponsoring\/","og_site_name":"bwin","article_modified_time":"2022-09-12T11:30:36+00:00","og_image":[{"url":"https:\/\/sports.bwin.fr\/fr\/news\/wp-content\/uploads\/2021\/11\/9830_1200x460-FR.jpg","type":"","width":"","height":""}],"twitter_misc":{"Dur\u00e9e de lecture estim\u00e9e":"3 minutes"},"schema":{"@context":"https:\/\/schema.org","@graph":[{"@type":"WebPage","@id":"https:\/\/www.bwin.fr\/fr\/news\/sponsoring\/","url":"https:\/\/www.bwin.fr\/fr\/news\/sponsoring\/","name":"Sponsoris\u00e9 par bwin | Partenaires Officiels de Football et de Basket","isPartOf":{"@id":"https:\/\/www.bwin.fr\/fr\/news\/#website"},"primaryImageOfPage":{"@id":"https:\/\/www.bwin.fr\/fr\/news\/sponsoring\/#primaryimage"},"image":{"@id":"https:\/\/www.bwin.fr\/fr\/news\/sponsoring\/#primaryimage"},"thumbnailUrl":"https:\/\/www.bwin.fr\/fr\/news\/wp-content\/uploads\/2021\/11\/9830_1200x460-FR.jpg","datePublished":"2020-08-08T08:48:22+00:00","dateModified":"2022-09-12T11:30:36+00:00","description":"Au cours de son histoire, bwin a sponsoris\u00e9 de l\u00e9gendaires \u00e9quipes europ\u00e9ennes de football et de basket. Nous avons c\u00e9l\u00e9br\u00e9 ces succ\u00e8s avec elles et continuons \u00e0 le faire pour inspirer nos joueurs.","breadcrumb":{"@id":"https:\/\/www.bwin.fr\/fr\/news\/sponsoring\/#breadcrumb"},"inLanguage":"fr-FR","potentialAction":[{"@type":"ReadAction","target":["https:\/\/www.bwin.fr\/fr\/news\/sponsoring\/"]}]},{"@type":"ImageObject","inLanguage":"fr-FR","@id":"https:\/\/www.bwin.fr\/fr\/news\/sponsoring\/#primaryimage","url":"https:\/\/www.bwin.fr\/fr\/news\/wp-content\/uploads\/2021\/11\/9830_1200x460-FR.jpg","contentUrl":"https:\/\/www.bwin.fr\/fr\/news\/wp-content\/uploads\/2021\/11\/9830_1200x460-FR.jpg","width":1200,"height":460,"caption":"bwin Partenaire Officiel UEFA Europa League et UEFA Conference League"},{"@type":"BreadcrumbList","@id":"https:\/\/www.bwin.fr\/fr\/news\/sponsoring\/#breadcrumb","itemListElement":[{"@type":"ListItem","position":1,"name":"Pronostics Sportifs","item":"https:\/\/www.bwin.fr\/fr\/news\/"},{"@type":"ListItem","position":2,"name":"Sponsoring bwin"}]},{"@type":"WebSite","@id":"https:\/\/www.bwin.fr\/fr\/news\/#website","url":"https:\/\/www.bwin.fr\/fr\/news\/","name":"bwin","description":"","publisher":{"@id":"https:\/\/www.bwin.fr\/fr\/news\/#organization"},"potentialAction":[{"@type":"SearchAction","target":{"@type":"EntryPoint","urlTemplate":"https:\/\/www.bwin.fr\/fr\/news\/?s={search_term_string}"},"query-input":{"@type":"PropertyValueSpecification","valueRequired":true,"valueName":"search_term_string"}}],"inLanguage":"fr-FR"},{"@type":"Organization","@id":"https:\/\/www.bwin.fr\/fr\/news\/#organization","name":"bwin","url":"https:\/\/www.bwin.fr\/fr\/news\/","logo":{"@type":"ImageObject","inLanguage":"fr-FR","@id":"https:\/\/www.bwin.fr\/fr\/news\/#\/schema\/logo\/image\/","url":"https:\/\/www.bwin.fr\/fr\/news\/wp-content\/uploads\/2020\/03\/bwin_com_negative_rgb.jpg","contentUrl":"https:\/\/www.bwin.fr\/fr\/news\/wp-content\/uploads\/2020\/03\/bwin_com_negative_rgb.jpg","width":1280,"height":502,"caption":"bwin"},"image":{"@id":"https:\/\/www.bwin.fr\/fr\/news\/#\/schema\/logo\/image\/"}}]}},"_links":{"self":[{"href":"https:\/\/www.bwin.fr\/fr\/news\/wp-json\/wp\/v2\/pages\/91576","targetHints":{"allow":["GET"]}}],"collection":[{"href":"https:\/\/www.bwin.fr\/fr\/news\/wp-json\/wp\/v2\/pages"}],"about":[{"href":"https:\/\/www.bwin.fr\/fr\/news\/wp-json\/wp\/v2\/types\/page"}],"author":[{"embeddable":true,"href":"https:\/\/www.bwin.fr\/fr\/news\/wp-json\/wp\/v2\/users\/47"}],"replies":[{"embeddable":true,"href":"https:\/\/www.bwin.fr\/fr\/news\/wp-json\/wp\/v2\/comments?post=91576"}],"version-history":[{"count":22,"href":"https:\/\/www.bwin.fr\/fr\/news\/wp-json\/wp\/v2\/pages\/91576\/revisions"}],"predecessor-version":[{"id":347616,"href":"https:\/\/www.bwin.fr\/fr\/news\/wp-json\/wp\/v2\/pages\/91576\/revisions\/347616"}],"wp:attachment":[{"href":"https:\/\/www.bwin.fr\/fr\/news\/wp-json\/wp\/v2\/media?parent=91576"}],"curies":[{"name":"wp","href":"https:\/\/api.w.org\/{rel}","templated":true}]}}