{"id":93423,"date":"2019-07-16T12:51:48","date_gmt":"2019-07-16T10:51:48","guid":{"rendered":"https:\/\/www.bwin.fr\/fr\/news\/?page_id=93423"},"modified":"2021-07-30T13:26:34","modified_gmt":"2021-07-30T11:26:34","slug":"a-propos-de-nous","status":"publish","type":"page","link":"https:\/\/www.bwin.fr\/fr\/news\/a-propos-de-nous\/","title":{"rendered":"A propos de bwin news: pr\u00e9dictions de paris sportifs bas\u00e9es sur des stats et analyses"},"content":{"rendered":"<p>Notre site bwin News vous propose des articles informatifs sur les grands \u00e9v\u00e9nements sportifs ainsi que des\u00a0<a href=\"https:\/\/www.bwin.fr\/fr\/news\/infographies\/\">infographies passionnantes<\/a>\u00a0et des entretiens avec des c\u00e9l\u00e9brit\u00e9s du sport.<\/p>\n<p>Les fans de football peuvent trouver des analyses avant toutes les rencontres de Ligue 1 et les grands matchs dans les championnats europ\u00e9ens (Premier League, Liga, Serie A, Bundesliga) tout comme les comp\u00e9titions europ\u00e9ennes (Euro, Coupe du monde, Ligue des Champions).<\/p>\n<p>Les <a href=\"https:\/\/www.bwin.fr\/fr\/news\/redacteurs-de-bwin\/\">r\u00e9dacteurs de bwin<\/a> couvrent \u00e9galement d\u2019autres sports comme les tournois de tennis majeurs, les comp\u00e9titions m\u00e9caniques comme la F1 et la Moto GP, les combats de boxe, les courses cyclistes, le basketball, le handball et bien plus.<\/p>\n<p>Notre plateforme d&rsquo;informations est une filiale de <a href=\"https:\/\/www.bwin.fr\/fr\">bwin<\/a>, une des plus grandes soci\u00e9t\u00e9s de pari en ligne au monde, proposant des\u00a0<a href=\"https:\/\/www.bwin.fr\/fr\/sports\">paris sportifs<\/a>\u00a0couvrant 90 sports et proposant plus de 20 000 paris par jour.\u00a0bwin\u00a0News est la ressource ultime pour les fans de paris sur le football &#8211; parcourez le site, puis utilisez la richesse des donn\u00e9es et des opinions \u00e0 port\u00e9e de main pour vous donner les meilleures chances de gagner !<\/p>\n<h2>Les principales pages de pr\u00e9dictions de pari sur le football<\/h2>\n<ul>\n<li><a href=\"https:\/\/www.bwin.fr\/fr\/news\/football\/ligue-1\/\">Cote sur la Ligue 1<\/a><\/li>\n<li><a href=\"https:\/\/www.bwin.fr\/fr\/news\/football\/ligue1-champion\/\">Cote sur le vainqueur de la Ligue 1<\/a><\/li>\n<li><a href=\"https:\/\/www.bwin.fr\/fr\/news\/football\/relegation-ligue-1\/\">Cote pour la rel\u00e9gation en Ligue 1<\/a><\/li>\n<li><a href=\"https:\/\/www.bwin.fr\/fr\/news\/football\/cote-meilleur-buteur-ligue-1\">Cote sur le meilleur buteur de Ligue 1<\/a><\/li>\n<li><a href=\"https:\/\/www.bwin.fr\/fr\/news\/football\/finale-coupe-de-france\/\">Cote pour la Coupe de France<\/a><\/li>\n<li><a href=\"https:\/\/www.bwin.fr\/fr\/news\/football\/ligue-des-champions\/\">Cote sur la ligue des champions<\/a><\/li>\n<li><a href=\"https:\/\/www.bwin.fr\/fr\/news\/football\/cote-meilleur-buteur-ligue-champions\/\">Cote sur le meilleur buteur de la Ligue des Champions<\/a><\/li>\n<li><a href=\"https:\/\/www.bwin.fr\/fr\/news\/football\/ligue-europa\/\">Cote sur la ligue europa<\/a><\/li>\n<li><a href=\"https:\/\/www.bwin.fr\/fr\/news\/football\/premier-league\/\">Cote sur la Premier League<\/a><\/li>\n<li><a href=\"https:\/\/www.bwin.fr\/fr\/news\/football\/primera-division\/\">Cote sur la Liga<\/a><\/li>\n<li><a href=\"https:\/\/www.bwin.fr\/fr\/news\/football\/serie-a\/\">Cote sur la Serie A<\/a><\/li>\n<li><a href=\"https:\/\/www.bwin.fr\/fr\/news\/football\/bundesliga\/\">Cote sur la Bundesliga<\/a><\/li>\n<li><a href=\"https:\/\/www.bwin.fr\/fr\/news\/football\/ligue-des-nations\/\">Cote pour la Ligue des Nations<\/a><\/li>\n<li><a href=\"https:\/\/www.bwin.fr\/fr\/news\/football\/vainqueur-cdm\/\">Cote pour la Coupe du Monde<\/a><\/li>\n<\/ul>\n<h2>Pr\u00e9diction pour les autres sports<\/h2>\n<ul>\n<li><a href=\"https:\/\/www.bwin.fr\/fr\/news\/autres-sports\/tennis\/\">Cote sur le tennis<\/a><\/li>\n<li><a href=\"https:\/\/www.bwin.fr\/fr\/news\/autres-sports\/motogp\/\">Cote sur la moto GP<\/a><\/li>\n<li><a href=\"https:\/\/www.bwin.fr\/fr\/news\/autres-sports\/boxe\/\">Cote sur la boxe<\/a><\/li>\n<li><a href=\"https:\/\/www.bwin.fr\/fr\/news\/autres-sports\/cyclisme\/\">Cote sur le cyclisme<\/a><\/li>\n<li><a href=\"https:\/\/www.bwin.fr\/fr\/news\/autres-sports\/formule-1\/\">Cote sur la Formule 1<\/a><\/li>\n<li><a href=\"https:\/\/www.bwin.fr\/fr\/news\/autres-sports\/hockey-sur-glace\/\">Cote sur le Hockey sur Glace<\/a><\/li>\n<li><a href=\"https:\/\/www.bwin.fr\/fr\/news\/autres-sports\/basket-ball\/\">Cote sur le Basketball<\/a><\/li>\n<li><a href=\"https:\/\/www.bwin.fr\/fr\/news\/autres-sports\/rugby\/\">Cote sur le rugby<\/a><\/li>\n<li><a href=\"https:\/\/www.bwin.fr\/fr\/news\/autres-sports\/rugby\/finale-top-14\/\">Cote sur le Top 14<\/a><\/li>\n<li><a href=\"https:\/\/www.bwin.fr\/fr\/news\/autres-sports\/sports-us\/superbowl\">Cote sur le Superbowl<\/a><\/li>\n<li><a href=\"https:\/\/www.bwin.fr\/fr\/news\/autres-sports\/handball\/\">Cote sur le handball<\/a><\/li>\n<li><a href=\"https:\/\/www.bwin.fr\/fr\/news\/autres-sports\/handball\/ligue-champions-handball\/\">Cote sur la Ligue des Champions de Handball<\/a><\/li>\n<li><a href=\"https:\/\/www.bwin.fr\/fr\/news\/autres-sports\/basket-ball\/euroligue-basket\/\">Cote sur le vainqueur de l&rsquo;Euroligue de Basketball<\/a><\/li>\n<\/ul>\n","protected":false},"excerpt":{"rendered":"<p>Notre site bwin News vous propose des articles informatifs sur les grands \u00e9v\u00e9nements sportifs ainsi que des\u00a0infographies passionnantes\u00a0et des entretiens avec des c\u00e9l\u00e9brit\u00e9s du sport. Les fans de football peuvent trouver des analyses avant toutes les rencontres de Ligue 1 et les grands matchs dans les championnats europ\u00e9ens (Premier League, &#8230; <a title=\"A propos de bwin news: pr\u00e9dictions de paris sportifs bas\u00e9es sur des stats et analyses\" class=\"read-more\" href=\"https:\/\/www.bwin.fr\/fr\/news\/a-propos-de-nous\/\" aria-label=\"En savoir plus sur A propos de bwin news: pr\u00e9dictions de paris sportifs bas\u00e9es sur des stats et analyses\">Lire plus<\/a><\/p>\n","protected":false},"author":47,"featured_media":0,"parent":0,"menu_order":0,"comment_status":"closed","ping_status":"closed","template":"","meta":{"_acf_changed":false,"footnotes":""},"class_list":{"0":"post-93423","1":"page","2":"type-page","3":"status-publish","4":"has-post-thumbnail","6":"no-featured-image-padding"},"acf":[],"yoast_head":"<!-- This site is optimized with the Yoast SEO plugin v24.3 - https:\/\/yoast.com\/wordpress\/plugins\/seo\/ -->\n<title>Pr\u00e9dictions de paris sportifs bas\u00e9es sur des stats et analyses | bwin news<\/title>\n<meta name=\"description\" content=\"Chaque jour, le site bwin News vous propose des articles d\u00e9taill\u00e9s qui servent de ressource ultime pour tous les fans de sport et de paris sportifs.\" \/>\n<meta name=\"robots\" content=\"index, follow, max-snippet:-1, max-image-preview:large, max-video-preview:-1\" \/>\n<link rel=\"canonical\" href=\"https:\/\/www.bwin.fr\/fr\/news\/a-propos-de-nous\/\" \/>\n<meta property=\"og:locale\" content=\"fr_FR\" \/>\n<meta property=\"og:type\" content=\"article\" \/>\n<meta property=\"og:title\" content=\"Pr\u00e9dictions de paris sportifs bas\u00e9es sur des stats et analyses | bwin news\" \/>\n<meta property=\"og:description\" content=\"Chaque jour, le site bwin News vous propose des articles d\u00e9taill\u00e9s qui servent de ressource ultime pour tous les fans de sport et de paris sportifs.\" \/>\n<meta property=\"og:url\" content=\"https:\/\/www.bwin.fr\/fr\/news\/a-propos-de-nous\/\" \/>\n<meta property=\"og:site_name\" content=\"bwin\" \/>\n<meta property=\"article:modified_time\" content=\"2021-07-30T11:26:34+00:00\" \/>\n<meta name=\"twitter:label1\" content=\"Dur\u00e9e de lecture estim\u00e9e\" \/>\n\t<meta name=\"twitter:data1\" content=\"2 minutes\" \/>\n<script type=\"application\/ld+json\" class=\"yoast-schema-graph\">{\"@context\":\"https:\/\/schema.org\",\"@graph\":[{\"@type\":\"WebPage\",\"@id\":\"https:\/\/www.bwin.fr\/fr\/news\/a-propos-de-nous\/\",\"url\":\"https:\/\/www.bwin.fr\/fr\/news\/a-propos-de-nous\/\",\"name\":\"Pr\u00e9dictions de paris sportifs bas\u00e9es sur des stats et analyses | bwin news\",\"isPartOf\":{\"@id\":\"https:\/\/www.bwin.fr\/fr\/news\/#website\"},\"datePublished\":\"2019-07-16T10:51:48+00:00\",\"dateModified\":\"2021-07-30T11:26:34+00:00\",\"description\":\"Chaque jour, le site bwin News vous propose des articles d\u00e9taill\u00e9s qui servent de ressource ultime pour tous les fans de sport et de paris sportifs.\",\"breadcrumb\":{\"@id\":\"https:\/\/www.bwin.fr\/fr\/news\/a-propos-de-nous\/#breadcrumb\"},\"inLanguage\":\"fr-FR\",\"potentialAction\":[{\"@type\":\"ReadAction\",\"target\":[\"https:\/\/www.bwin.fr\/fr\/news\/a-propos-de-nous\/\"]}]},{\"@type\":\"BreadcrumbList\",\"@id\":\"https:\/\/www.bwin.fr\/fr\/news\/a-propos-de-nous\/#breadcrumb\",\"itemListElement\":[{\"@type\":\"ListItem\",\"position\":1,\"name\":\"Pronostics Sportifs\",\"item\":\"https:\/\/www.bwin.fr\/fr\/news\/\"},{\"@type\":\"ListItem\",\"position\":2,\"name\":\"A propos de bwin news: pr\u00e9dictions de paris sportifs bas\u00e9es sur des stats et analyses\"}]},{\"@type\":\"WebSite\",\"@id\":\"https:\/\/www.bwin.fr\/fr\/news\/#website\",\"url\":\"https:\/\/www.bwin.fr\/fr\/news\/\",\"name\":\"bwin\",\"description\":\"\",\"publisher\":{\"@id\":\"https:\/\/www.bwin.fr\/fr\/news\/#organization\"},\"potentialAction\":[{\"@type\":\"SearchAction\",\"target\":{\"@type\":\"EntryPoint\",\"urlTemplate\":\"https:\/\/www.bwin.fr\/fr\/news\/?s={search_term_string}\"},\"query-input\":{\"@type\":\"PropertyValueSpecification\",\"valueRequired\":true,\"valueName\":\"search_term_string\"}}],\"inLanguage\":\"fr-FR\"},{\"@type\":\"Organization\",\"@id\":\"https:\/\/www.bwin.fr\/fr\/news\/#organization\",\"name\":\"bwin\",\"url\":\"https:\/\/www.bwin.fr\/fr\/news\/\",\"logo\":{\"@type\":\"ImageObject\",\"inLanguage\":\"fr-FR\",\"@id\":\"https:\/\/www.bwin.fr\/fr\/news\/#\/schema\/logo\/image\/\",\"url\":\"https:\/\/www.bwin.fr\/fr\/news\/wp-content\/uploads\/2020\/03\/bwin_com_negative_rgb.jpg\",\"contentUrl\":\"https:\/\/www.bwin.fr\/fr\/news\/wp-content\/uploads\/2020\/03\/bwin_com_negative_rgb.jpg\",\"width\":1280,\"height\":502,\"caption\":\"bwin\"},\"image\":{\"@id\":\"https:\/\/www.bwin.fr\/fr\/news\/#\/schema\/logo\/image\/\"}}]}<\/script>\n<!-- \/ Yoast SEO plugin. -->","yoast_head_json":{"title":"Pr\u00e9dictions de paris sportifs bas\u00e9es sur des stats et analyses | bwin news","description":"Chaque jour, le site bwin News vous propose des articles d\u00e9taill\u00e9s qui servent de ressource ultime pour tous les fans de sport et de paris sportifs.","robots":{"index":"index","follow":"follow","max-snippet":"max-snippet:-1","max-image-preview":"max-image-preview:large","max-video-preview":"max-video-preview:-1"},"canonical":"https:\/\/www.bwin.fr\/fr\/news\/a-propos-de-nous\/","og_locale":"fr_FR","og_type":"article","og_title":"Pr\u00e9dictions de paris sportifs bas\u00e9es sur des stats et analyses | bwin news","og_description":"Chaque jour, le site bwin News vous propose des articles d\u00e9taill\u00e9s qui servent de ressource ultime pour tous les fans de sport et de paris sportifs.","og_url":"https:\/\/www.bwin.fr\/fr\/news\/a-propos-de-nous\/","og_site_name":"bwin","article_modified_time":"2021-07-30T11:26:34+00:00","twitter_misc":{"Dur\u00e9e de lecture estim\u00e9e":"2 minutes"},"schema":{"@context":"https:\/\/schema.org","@graph":[{"@type":"WebPage","@id":"https:\/\/www.bwin.fr\/fr\/news\/a-propos-de-nous\/","url":"https:\/\/www.bwin.fr\/fr\/news\/a-propos-de-nous\/","name":"Pr\u00e9dictions de paris sportifs bas\u00e9es sur des stats et analyses | bwin news","isPartOf":{"@id":"https:\/\/www.bwin.fr\/fr\/news\/#website"},"datePublished":"2019-07-16T10:51:48+00:00","dateModified":"2021-07-30T11:26:34+00:00","description":"Chaque jour, le site bwin News vous propose des articles d\u00e9taill\u00e9s qui servent de ressource ultime pour tous les fans de sport et de paris sportifs.","breadcrumb":{"@id":"https:\/\/www.bwin.fr\/fr\/news\/a-propos-de-nous\/#breadcrumb"},"inLanguage":"fr-FR","potentialAction":[{"@type":"ReadAction","target":["https:\/\/www.bwin.fr\/fr\/news\/a-propos-de-nous\/"]}]},{"@type":"BreadcrumbList","@id":"https:\/\/www.bwin.fr\/fr\/news\/a-propos-de-nous\/#breadcrumb","itemListElement":[{"@type":"ListItem","position":1,"name":"Pronostics Sportifs","item":"https:\/\/www.bwin.fr\/fr\/news\/"},{"@type":"ListItem","position":2,"name":"A propos de bwin news: pr\u00e9dictions de paris sportifs bas\u00e9es sur des stats et analyses"}]},{"@type":"WebSite","@id":"https:\/\/www.bwin.fr\/fr\/news\/#website","url":"https:\/\/www.bwin.fr\/fr\/news\/","name":"bwin","description":"","publisher":{"@id":"https:\/\/www.bwin.fr\/fr\/news\/#organization"},"potentialAction":[{"@type":"SearchAction","target":{"@type":"EntryPoint","urlTemplate":"https:\/\/www.bwin.fr\/fr\/news\/?s={search_term_string}"},"query-input":{"@type":"PropertyValueSpecification","valueRequired":true,"valueName":"search_term_string"}}],"inLanguage":"fr-FR"},{"@type":"Organization","@id":"https:\/\/www.bwin.fr\/fr\/news\/#organization","name":"bwin","url":"https:\/\/www.bwin.fr\/fr\/news\/","logo":{"@type":"ImageObject","inLanguage":"fr-FR","@id":"https:\/\/www.bwin.fr\/fr\/news\/#\/schema\/logo\/image\/","url":"https:\/\/www.bwin.fr\/fr\/news\/wp-content\/uploads\/2020\/03\/bwin_com_negative_rgb.jpg","contentUrl":"https:\/\/www.bwin.fr\/fr\/news\/wp-content\/uploads\/2020\/03\/bwin_com_negative_rgb.jpg","width":1280,"height":502,"caption":"bwin"},"image":{"@id":"https:\/\/www.bwin.fr\/fr\/news\/#\/schema\/logo\/image\/"}}]}},"_links":{"self":[{"href":"https:\/\/www.bwin.fr\/fr\/news\/wp-json\/wp\/v2\/pages\/93423","targetHints":{"allow":["GET"]}}],"collection":[{"href":"https:\/\/www.bwin.fr\/fr\/news\/wp-json\/wp\/v2\/pages"}],"about":[{"href":"https:\/\/www.bwin.fr\/fr\/news\/wp-json\/wp\/v2\/types\/page"}],"author":[{"embeddable":true,"href":"https:\/\/www.bwin.fr\/fr\/news\/wp-json\/wp\/v2\/users\/47"}],"replies":[{"embeddable":true,"href":"https:\/\/www.bwin.fr\/fr\/news\/wp-json\/wp\/v2\/comments?post=93423"}],"version-history":[{"count":15,"href":"https:\/\/www.bwin.fr\/fr\/news\/wp-json\/wp\/v2\/pages\/93423\/revisions"}],"predecessor-version":[{"id":264555,"href":"https:\/\/www.bwin.fr\/fr\/news\/wp-json\/wp\/v2\/pages\/93423\/revisions\/264555"}],"wp:attachment":[{"href":"https:\/\/www.bwin.fr\/fr\/news\/wp-json\/wp\/v2\/media?parent=93423"}],"curies":[{"name":"wp","href":"https:\/\/api.w.org\/{rel}","templated":true}]}}